{"id":15,"date":"2016-03-04T14:57:58","date_gmt":"2016-03-04T12:57:58","guid":{"rendered":"http:\/\/www.nauticabayhotel.gr\/?page_id=15"},"modified":"2016-04-14T19:17:30","modified_gmt":"2016-04-14T16:17:30","slug":"route","status":"publish","type":"page","link":"https:\/\/www.nauticabayhotel.gr\/fr\/route\/","title":{"rendered":"Les Directions"},"content":{"rendered":"<p><\/p>\n<h2>En voiture<\/h2>\n<p>Le voyage de l\u2019a\u00e9roport international d\u2019Ath\u00e8nes en voiture dure 2 heures et demie, et en car 3 heures. La r\u00e9ception peut vous aider \u00e0 louer une voiture et vous pouvez la laisser ici \u00e0 Porto Heli. On prend l\u2019autoroute Ath\u00e8nes \u2013 Corinthe, et peu apr\u00e8s l\u2019isthme on prend la sortie 10 d\u2019autoroute et on continue sous le pont \u00e0 gauche, direction Epidaure.<\/p>\n<p>Aux limites de \u0391ncienne\u00a0Epidaure il y a une sortie et un panneau pour Kranidi, Porto Heli. Il faut prendre la sortie \u00e0 droite et puis \u00e0 gauche sous le pont. Continuez tout droit, montez la montagne et vous allez voir les villages Koliaki et Tracheia, avec des restaurants traditionnels, des fromageries, des boulangeries et des boucheries qui vendent des produits \u00e0 l\u2019ancienne.<\/p>\n<p>On prend la direction vers Kranidi et on passe les villages Didima et Fourni. Avant Kranidi il y a une route \u00e0 droite et Porto Heli est juste \u00e0 huit kilom\u00e8tres.<\/p>\n<p>L\u2019h\u00f4tel se trouve sur cette route qui va \u00e0 Kosta, presque 1200 m\u00e8tres \u00e0 gauche.<\/p>\n<p>La route de Corinthe \u00e0 Porto Heli (104 km) vous offre l\u2019opportunit\u00e9 de voir une variet\u00e9 de paysages et le trajet dure 80 minutes sans arr\u00eats. Sinon, vous pouvez vous arr\u00eater pour admirer la vue d\u2019Epidaure ou visiter l\u2019ancien th\u00e9\u00e2tre.<\/p>\n<h2>En train<\/h2>\n<p>Vous pouvez prendre le train (proastiakos en grec, www.proastiakos.gr) jusqu\u2019\u00e0 Corinthe. Apr\u00e8s un taxi vous am\u00e8ne \u00e0 Porto Heli pour 110 euros (prix 2010).<\/p>\n<h2>En bateau<\/h2>\n<p>Du port de Pir\u00e9e il y a au moins 3 bateaux qui vont \u00e0 Porto Heli par jour. Le trajet dure 130 \u2013 150 minutes, et \u00e7a d\u00e9pend des arr\u00eats aux \u00eeles Spetses et Hydra.<\/p>\n<p>Pour r\u00e9server sa place: www.hsw.gr<\/p>\n<p>Vous pouvez prendre une autre route au retour qui comprend une visite \u00e0 Nauplie, une ville magique, et peut-\u00eatre \u00e0 l\u2019ancienne cit\u00e9 Myc\u00e9enes. Pour ceux qui aiment le vin, la ville Nemea est \u00e0 4 km de l\u2019autoroute.<\/p>\n<p>La courte distance de la capitale et l\u2019acc\u00e8s facile et \u00e9conomique ont \u00e9lev\u00e9 Porto Heli \u00e0 la premi\u00e8re place dans la liste de pr\u00e9ferences des touristes \u00e9trangers et grecs.<\/p>","protected":false},"excerpt":{"rendered":"<p>Porto Heli se trouve 190 kilom\u00e8tres au sud-ouest d\u2019Ath\u00e8nes. Porto Heli, un pittoresque village au bord de la mer, construit dans un refuge naturel au P\u00e9lopon\u00e8se, est une destination cosmopolite gr\u00e2ce \u00e0 sa position g\u00e9ographique et son climat temp\u00e9r\u00e9.<\/p>\n","protected":false},"author":1,"featured_media":0,"parent":0,"menu_order":0,"comment_status":"closed","ping_status":"closed","template":"page-full.php","meta":{"ngg_post_thumbnail":0,"footnotes":""},"_links":{"self":[{"href":"https:\/\/www.nauticabayhotel.gr\/fr\/wp-json\/wp\/v2\/pages\/15"}],"collection":[{"href":"https:\/\/www.nauticabayhotel.gr\/fr\/wp-json\/wp\/v2\/pages"}],"about":[{"href":"https:\/\/www.nauticabayhotel.gr\/fr\/wp-json\/wp\/v2\/types\/page"}],"author":[{"embeddable":true,"href":"https:\/\/www.nauticabayhotel.gr\/fr\/wp-json\/wp\/v2\/users\/1"}],"replies":[{"embeddable":true,"href":"https:\/\/www.nauticabayhotel.gr\/fr\/wp-json\/wp\/v2\/comments?post=15"}],"version-history":[{"count":0,"href":"https:\/\/www.nauticabayhotel.gr\/fr\/wp-json\/wp\/v2\/pages\/15\/revisions"}],"wp:attachment":[{"href":"https:\/\/www.nauticabayhotel.gr\/fr\/wp-json\/wp\/v2\/media?parent=15"}],"curies":[{"name":"wp","href":"https:\/\/api.w.org\/{rel}","templated":true}]}}