{"id":2,"date":"2016-03-04T12:24:24","date_gmt":"2016-03-04T12:24:24","guid":{"rendered":"http:\/\/www.nauticabayhotel.gr\/?page_id=2"},"modified":"2017-07-01T10:25:27","modified_gmt":"2017-07-01T07:25:27","slug":"the-hotel","status":"publish","type":"page","link":"https:\/\/www.nauticabayhotel.gr\/fr\/the-hotel\/","title":{"rendered":"L\u2019h\u00f4tel"},"content":{"rendered":"<p><\/p>\n<h2>Nautica Bay Hotel<\/h2>\n<p>L\u2019h\u00f4tel Nautica Bay se trouve au sud de l&rsquo;Argolide, juste en face de l\u2019\u00eele de Spetses. Le golfe de Porto Heli est un port naturellement prot\u00e9g\u00e9 qui s\u2019\u00e9tend devant l\u2019h\u00f4tel. A gauche il y a l\u2019ancienne ville \u2018Alias\u2019 et \u00e0 droite on voit le centre du village.<\/p>\n<p>L\u2019h\u00f4tel Nautica Bay se trouve dans une position tr\u00e8s avantageuse, juste au centre du golfe et \u00e0 1200 m\u00e8tres du centre du village. C\u2019est une destination id\u00e9ale pour des vacances d\u2019\u00e9t\u00e9, mais aussi pour des petites excursions.<\/p>\n<p>L\u2019h\u00f4tel a \u00e9t\u00e9 construit en 1970, quand la r\u00e9gion a \u00e9t\u00e9\u00a0 choisie pour d\u00e9veloppement touristique \u00e0 cause de son climat temp\u00e9r\u00e9. L\u2019h\u00f4tel a \u00e9t\u00e9 compl\u00e8tement r\u00e9nov\u00e9 de 2005 \u00e0 2008, avec des nouveaux meubles et un ravalement du b\u00e2timent.<\/p>\n<p>L\u2019h\u00f4tel entre dans la cat\u00e9gorie Resort 3 \u00e9toiles. L\u2019h\u00f4tel est le premier choix pour les vacanciers grecs et \u00e9trangers gr\u00e2ce\u00a0 \u00e0 sa position avantageuse dans le golfe, la proximit\u00e9 avec les \u00eeles Spetses et Hydra et la courte distance avec le th\u00e9\u00e2tre d\u2019Epidaure, Nauplie et Myc\u00e8nes.<\/p>\n<p>Le propi\u00e9taire et administrateur est la societ\u00e9 Thermisia S.A.<\/p>","protected":false},"excerpt":{"rendered":"<h1><span id=\"result_box\" class=\"short_text\" lang=\"fr\">Bienvenue \u00e0 <strong>Nautica Bay <\/strong>H\u00f4tel \u00e0 Porto <span class=\"\">Heli<\/span><\/span><\/h1>\n<p>L\u2019h\u00f4tel Nautica Bay se trouve au sud de l&rsquo;Argolide, juste en face de l\u2019\u00eele de Spetses. Le golfe de Porto Heli est un port naturellement prot\u00e9g\u00e9 qui s\u2019\u00e9tend devant l\u2019h\u00f4tel. \u00c1 gauche il y a l\u2019ancienne ville \u2018Alias\u2019 et \u00e0 droite on voit le centre du village. L\u2019h\u00f4tel Nautica Bay se trouve dans une position tr\u00e8s avantageuse, juste au centre du golfe et \u00e0 1200 m\u00e8tres du centre du village. C\u2019est une destination id\u00e9ale pour des vacances d\u2019\u00e9t\u00e9, mais aussi pour des petites excursions. L\u2019h\u00f4tel a \u00e9t\u00e9 construit en 1970, quand la r\u00e9gion a \u00e9t\u00e9\u00a0 choisie pour d\u00e9veloppement touristique car elle b\u00e9n\u00e9ficie d&rsquo;un climat temp\u00e9r\u00e9.<\/p>\n","protected":false},"author":1,"featured_media":0,"parent":0,"menu_order":0,"comment_status":"closed","ping_status":"open","template":"","meta":{"ngg_post_thumbnail":0,"footnotes":""},"_links":{"self":[{"href":"https:\/\/www.nauticabayhotel.gr\/fr\/wp-json\/wp\/v2\/pages\/2"}],"collection":[{"href":"https:\/\/www.nauticabayhotel.gr\/fr\/wp-json\/wp\/v2\/pages"}],"about":[{"href":"https:\/\/www.nauticabayhotel.gr\/fr\/wp-json\/wp\/v2\/types\/page"}],"author":[{"embeddable":true,"href":"https:\/\/www.nauticabayhotel.gr\/fr\/wp-json\/wp\/v2\/users\/1"}],"replies":[{"embeddable":true,"href":"https:\/\/www.nauticabayhotel.gr\/fr\/wp-json\/wp\/v2\/comments?post=2"}],"version-history":[{"count":0,"href":"https:\/\/www.nauticabayhotel.gr\/fr\/wp-json\/wp\/v2\/pages\/2\/revisions"}],"wp:attachment":[{"href":"https:\/\/www.nauticabayhotel.gr\/fr\/wp-json\/wp\/v2\/media?parent=2"}],"curies":[{"name":"wp","href":"https:\/\/api.w.org\/{rel}","templated":true}]}}