{"id":22,"date":"2016-03-04T15:00:04","date_gmt":"2016-03-04T13:00:04","guid":{"rendered":"http:\/\/www.nauticabayhotel.gr\/?page_id=22"},"modified":"2016-04-14T17:52:06","modified_gmt":"2016-04-14T14:52:06","slug":"entertainment","status":"publish","type":"page","link":"https:\/\/www.nauticabayhotel.gr\/fr\/entertainment\/","title":{"rendered":"Divertissement"},"content":{"rendered":"<p><\/p>\n<h2>Divertissement<\/h2>\n<p>Traditionellement les visiteurs de l\u2019h\u00f4tel Nautica Bay viennent \u00e0 Porto Heli pour les vacances d\u2019\u00e9t\u00e9, pour profiter de la mer.<\/p>\n<p>Les visiteurs ont beaucoup de choix: les plages Asterias, Petrothalassa et Kounoupi sont \u00e0 l&rsquo;est. Limanakia, Agios Emilianos (avec une petite \u00e9glise) et Kosta au nord-est et Hinitsa, Ververoda, Maistraki et Kiparissakia \u00e0 l&rsquo;ouest.<br \/>\nToutes les plages sont propres avec des eaux temper\u00e9s, pures et cristallines. D&rsquo;habitude il y a aussi un petit restaurant qui porte le m\u00eame nom.<\/p>\n<p>Porto Heli c\u2019est aussi un bon point de d\u00e9part pour des petites excursions.<br \/>\nLes visiteurs de Porto Heli ont beaucoup de choix d\u2019activit\u00e9s pour son temps libre.<\/p>\n<p><strong>L\u2019excursion la plus populaire c\u2019est Hydra.<\/strong><\/p>\n<p>Les visiteurs de Hydra vont appr\u00e9cier l\u2019absence des v\u00e9hicules en se promenant sur les sentiers de l\u2019\u00eele et en buvant un caf\u00e9 au port. Il y a beaucoup d\u2019options pour le d\u00e9jeuner. Les tavernes sur les sentiers sont exceptionnelles et pendant la haute saison, les touristes et les c\u00e9l\u00e9brit\u00e9s donnent un air cosmopolite \u00e0 l\u2019\u00eele. Il vaut la peine de visiter les grandes villas, admirer la vue du port de la colline, appr\u00e9cier le coucher du soleil de Periptero et Spilia, mais aussi de visiter les 6 monast\u00e8res et 300 \u00e9glises de l\u2019\u00eele.<\/p>\n<p><strong>On vous propose aussi une visite \u00e0 Spetses,<\/strong> qui n\u2019est pas loin de Porto Heli et Kosta. Il vaut la peine visiter le mus\u00e9e, log\u00e9 dans la villa de Hadjiyianni Mexi, un des nobles des plus puissants pendant la R\u00e9volution. La villa \u00e0 deux \u00e9tages a \u00e9t\u00e9 construite de 1795 \u00e0 1798.La maison de Bouboulina est ouverte tous les jours.<\/p>\n<p>Pour d\u00e9jeuner vous pouvez aller aux tavernes \u00e0 Palio Limani, qui servent du poisson frais juste au bord de la mer. La plage Agioi Anargiri c\u2019est accessible en hydro-taxi ou en bus, et il y a une petite taverne qui est ouverte pour le d\u00e9jeuner, mais aussi pour le d\u00eener.\u00a0Spetses c\u2019est id\u00e9ale pour des sorties la nuit car il est possible de rentrer \u00e0 Porto Heli 24 heures sur 24.<\/p>\n<p>La f\u00eate de l\u2019Armata c\u2019est l\u2019\u00e9v\u00e9nement culturel le plus important de l\u2019ann\u00e9e. Le deuxi\u00e9me week-end de septembre on c\u00e9l\u00e9bre la f\u00eate de la Vierge de l\u2019Armata (au phare) avec l\u2019anniversaire de la bataille navale du 8 septembre 1822.<br \/>\nLes c\u00e9r\u00e9monies culminent avec la reconstitution de la destruction de la cuirass\u00e9 turque au port central de Spetses.<\/p>\n<p><strong>Ermioni c\u2019est un joli village juste \u00e0 16 kilom\u00e8tres de Porto Heli.<\/strong> Le vieux port est connu pour ses bars et restaurants. Pour une belle promenade, le petit for\u00eat Bisti pr\u00e8s du cap offre des vues merveilleuses de Hydra.<\/p>\n<p><strong>Kilada se trouve avant de Kranidi, presque 12 kilom\u00e8tres de Porto Heli<\/strong> et si on prend la population du village en consid\u00e9ration, c\u2019est le village ou l\u2019on trouve le plus de p\u00eacheurs dans toute la r\u00e9gion. Il y a un beau port plein de bateaux de p\u00eacheca\u00efques et chalutiers. Koronis, une \u00eele priv\u00e9 avec une riche v\u00e9g\u00e9tation, se trouve tout pr\u00e8s. La plus belle plage, Lepitsa, est derri\u00e8re le village o\u00f9 il y a aussi un joli restaurant.<\/p>\n<p>Koilada a une grande tradition de construire des bateaux de p\u00eache en bois, mais aussi des bateaux touristiques, et beaucoup de gens viennent de toute la Gr\u00e8ce pour en ach\u00e8ter.<\/p>\n<p><strong>Didima<\/strong><\/p>\n<p><strong>Le nom du village vient des deux pics du Mont Didimon<\/strong> qui dominent la vall\u00e9e dont se trouve le village. Les deux grottes \u00abDolines\u00bb, au pied de la montagne pr\u00e8s du village, donnent un air de myst\u00e8re au paysage. Les deux petites \u00e9glises, Agios Georgis et Agios Sotiras, sont dans la grande grotte entour\u00e9e de pins, qui n\u2019est pas visible de la rue. Il faut faire attention en entrant la grande grotte. La f\u00eate de Agios Sotiras se d\u00e9roule le 6 ao\u00fbt chaque ann\u00e9e.<\/p>\n<p><strong>L\u2019ancien Th\u00e9\u00e2tre d\u2019Epidaure est \u00e0 45 minutes<\/strong> de Porto Heli et en \u00e9t\u00e9, beaucoup de visiteurs combinent leurs vacances avec un spectacle au festival.<\/p>\n<p>Le mus\u00e9e Asklipios d\u2019Epidaure est ouvert tous les jours et une visite au th\u00e9\u00e2tre est de rigeur!<\/p>\n<p><strong>Myc\u00e8nes est le royaume du h\u00e9ros hom\u00e9rique Agamemnon<\/strong>, la cit\u00e9 la plus importante et riche des cit\u00e9s pr\u00e9hell\u00e9niques. Une heure et demie de Porto Heli, une visite aux Myc\u00e8nes, mais aussi \u00e0 Nauplie (la premi\u00e8re captiale de la Gr\u00e8ce moderne), est une excursion tr\u00e8s int\u00e9ressante. N\u2019oubliez pas de visiter le Palamide pour admirer la vue de Nauplie.<\/p>\n<p>\u00c0 Nauplie, vous pouvez dejeuner dans la vieille ville ou sur la promenade \u00e0 c\u00f4t\u00e9 de la mer.<\/p>\n<p><strong>Poros se trouve \u00e0 65 kilom\u00e8tres de Porto Heli<\/strong>. La c\u00f4te est tr\u00e8s belle et tout pr\u00e8s il y a un for\u00eat de citronniers. Le voyage dure une heure parce qu\u2019il y a beaucoup de virages sur la route. Vous devez prendre le bateau \u00e0 Galatas pour traverser la mer et le trajet dure 5 minutes.<\/p>\n<p><strong>Visiter Monemvasia est une excursion tr\u00e8s int\u00e9ressante.<\/strong> Vous pouvez y aller pendant la haute saison avec des b\u00e2teaux touristiques. La r\u00e9ception peut vous informer des horaires.<\/p>","protected":false},"excerpt":{"rendered":"<p>Divertissement Traditionellement les visiteurs de l\u2019h\u00f4tel Nautica Bay viennent \u00e0 Porto Heli pour les vacances d\u2019\u00e9t\u00e9, pour profiter de la mer. Les visiteurs ont beaucoup de choix: les plages Asterias, Petrothalassa et Kounoupi sont \u00e0 l&rsquo;est. Limanakia, Agios Emilianos (avec une petite \u00e9glise) et Kosta au nord-est et Hinitsa, Ververoda, Maistraki et Kiparissakia \u00e0 l&rsquo;ouest. [&hellip;]<\/p>\n","protected":false},"author":1,"featured_media":0,"parent":0,"menu_order":0,"comment_status":"closed","ping_status":"closed","template":"page-full.php","meta":{"ngg_post_thumbnail":0,"footnotes":""},"_links":{"self":[{"href":"https:\/\/www.nauticabayhotel.gr\/fr\/wp-json\/wp\/v2\/pages\/22"}],"collection":[{"href":"https:\/\/www.nauticabayhotel.gr\/fr\/wp-json\/wp\/v2\/pages"}],"about":[{"href":"https:\/\/www.nauticabayhotel.gr\/fr\/wp-json\/wp\/v2\/types\/page"}],"author":[{"embeddable":true,"href":"https:\/\/www.nauticabayhotel.gr\/fr\/wp-json\/wp\/v2\/users\/1"}],"replies":[{"embeddable":true,"href":"https:\/\/www.nauticabayhotel.gr\/fr\/wp-json\/wp\/v2\/comments?post=22"}],"version-history":[{"count":0,"href":"https:\/\/www.nauticabayhotel.gr\/fr\/wp-json\/wp\/v2\/pages\/22\/revisions"}],"wp:attachment":[{"href":"https:\/\/www.nauticabayhotel.gr\/fr\/wp-json\/wp\/v2\/media?parent=22"}],"curies":[{"name":"wp","href":"https:\/\/api.w.org\/{rel}","templated":true}]}}