{"id":28,"date":"2016-03-04T15:01:15","date_gmt":"2016-03-04T13:01:15","guid":{"rendered":"http:\/\/www.nauticabayhotel.gr\/?page_id=28"},"modified":"2017-07-01T10:46:02","modified_gmt":"2017-07-01T07:46:02","slug":"hydra-restaurant","status":"publish","type":"page","link":"https:\/\/www.nauticabayhotel.gr\/fr\/hydra-restaurant\/","title":{"rendered":"Restaurant Hydra"},"content":{"rendered":"<p>L&rsquo;h\u00f4tel Nautica Bay Porto Heli dispose d&rsquo;une salle pour des \u00e9v\u00e9nements de mariage ou de bapt\u00eame. Nous avons une grande exp\u00e9rience dans l&rsquo;organisation d&rsquo;\u00e9v\u00e9nements, la salle a \u00e9t\u00e9 r\u00e9nov\u00e9e en 2006. La salle fonctionne de mani\u00e8re autonome en face du b\u00e2timent principal loin des chambres qui ne sont pas d\u00e9rang\u00e9es par la musique.<\/p>\n<p>De plus, la climatisation et la ventilation de la pi\u00e8ce sont l\u00e0 pour maintenir la temp\u00e9rature d\u00e9sir\u00e9e pendant toute la dur\u00e9e de l&rsquo;\u00e9v\u00e9nement. L&rsquo;\u00e9quipement de la salle comprend 220 si\u00e8ges, housses de si\u00e8ges blanches, des nappes, un \u00e9clairage r\u00e9glable et coutellerie compl\u00e8te luxe. La vue de nuit vers Porto-Heli dans la salle est une agr\u00e9able surprise.<\/p>","protected":false},"excerpt":{"rendered":"<p class=\"qtranxs-available-languages-message qtranxs-available-languages-message-fr\">D\u00e9sol\u00e9, cet article est seulement disponible en <a href=\"https:\/\/www.nauticabayhotel.gr\/el\/wp-json\/wp\/v2\/pages\/28\" class=\"qtranxs-available-language-link qtranxs-available-language-link-el\" title=\"GR\">Grec<\/a> et <a href=\"https:\/\/www.nauticabayhotel.gr\/en\/wp-json\/wp\/v2\/pages\/28\" class=\"qtranxs-available-language-link qtranxs-available-language-link-en\" title=\"EN\">Anglais Am\u00e9ricain<\/a>.<\/p>\n","protected":false},"author":1,"featured_media":131,"parent":0,"menu_order":0,"comment_status":"closed","ping_status":"closed","template":"","meta":{"ngg_post_thumbnail":0,"footnotes":""},"_links":{"self":[{"href":"https:\/\/www.nauticabayhotel.gr\/fr\/wp-json\/wp\/v2\/pages\/28"}],"collection":[{"href":"https:\/\/www.nauticabayhotel.gr\/fr\/wp-json\/wp\/v2\/pages"}],"about":[{"href":"https:\/\/www.nauticabayhotel.gr\/fr\/wp-json\/wp\/v2\/types\/page"}],"author":[{"embeddable":true,"href":"https:\/\/www.nauticabayhotel.gr\/fr\/wp-json\/wp\/v2\/users\/1"}],"replies":[{"embeddable":true,"href":"https:\/\/www.nauticabayhotel.gr\/fr\/wp-json\/wp\/v2\/comments?post=28"}],"version-history":[{"count":0,"href":"https:\/\/www.nauticabayhotel.gr\/fr\/wp-json\/wp\/v2\/pages\/28\/revisions"}],"wp:featuredmedia":[{"embeddable":true,"href":"https:\/\/www.nauticabayhotel.gr\/fr\/wp-json\/wp\/v2\/media\/131"}],"wp:attachment":[{"href":"https:\/\/www.nauticabayhotel.gr\/fr\/wp-json\/wp\/v2\/media?parent=28"}],"curies":[{"name":"wp","href":"https:\/\/api.w.org\/{rel}","templated":true}]}}