{"id":476,"date":"2021-07-13T15:43:02","date_gmt":"2021-07-13T12:43:02","guid":{"rendered":"https:\/\/www.nauticabayhotel.gr\/?page_id=476"},"modified":"2021-07-13T15:56:24","modified_gmt":"2021-07-13T12:56:24","slug":"cookie-policy","status":"publish","type":"page","link":"https:\/\/www.nauticabayhotel.gr\/fr\/cookie-policy\/","title":{"rendered":"Politique de cookies"},"content":{"rendered":"<p><\/p>\n<h2>\u00c0 propos de cette politique de cookies<\/h2>\n<p>Cette politique de cookies explique ce que sont les cookies et comment nous les utilisons. Vous devez lire cette politique pour comprendre ce que sont les cookies, comment nous les utilisons, les types de cookies que nous utilisons, c\u2019est-\u00e0-dire les informations que nous recueillons \u00e0 l\u2019aide de cookies et comment ces informations sont utilis\u00e9es et comment contr\u00f4ler les pr\u00e9f\u00e9rences en mati\u00e8re de cookies.&nbsp;<\/p>\n<p>Vous pouvez \u00e0 tout moment modifier ou retirer votre consentement de la D\u00e9claration de cookies sur notre site Web. Pour en savoir plus sur qui nous sommes, comment vous pouvez nous contacter et comment nous traitons les donn\u00e9es personnelles, consultez notre <a href=\"https:\/\/www.nauticabayhotel.gr\/fr\/privacy-policy\/\"\">politique de confidentialit\u00e9<\/a>.&nbsp;<\/p>\n<p>Votre consentement s\u2019applique aux domaines suivants: nauticabayhotel.gr<\/p>\n<p><strong><div class=\"wt-cli-element cli_user_consent_state\"><\/div><\/strong><\/p>\n<h2>Que sont les cookies?<\/h2>\n<div>Les cookies sont de petits fichiers texte utilis\u00e9s pour stocker de petites informations. Les cookies sont stock\u00e9s sur votre appareil lorsque le site Web est charg\u00e9 sur votre navigateur. Ces cookies nous aident \u00e0 faire fonctionner le site Web correctement, \u00e0 rendre le site Web plus s\u00fbr, \u00e0 offrir une meilleure exp\u00e9rience utilisateur et \u00e0 comprendre comment le site Web fonctionne et \u00e0 analyser ce qui fonctionne et o\u00f9 il doit \u00eatre am\u00e9lior\u00e9.<\/div>\n<h2>Comment utilisons-nous les cookies?<\/h2>\n<p>Comme la plupart des services en ligne, notre site Web utilise des cookies propri\u00e9taires et des cookies tiers \u00e0 plusieurs fins. Les cookies propri\u00e9taires sont principalement n\u00e9cessaires au fonctionnement du site Web et ne collectent aucune de vos donn\u00e9es personnelles identifiables.<\/p>\n<p>Les cookies tiers utilis\u00e9s sur nos sites Web sont principalement utilis\u00e9s pour comprendre comment le site Web fonctionne, comment vous interagissez avec notre site Web, garder nos services en s\u00e9curit\u00e9, fournir des publicit\u00e9s qui vous concernent et, dans l\u2019ensemble, vous fournir un meilleur et am\u00e9lior\u00e9. l\u2019exp\u00e9rience utilisateur et acc\u00e9l\u00e9rer vos futures interactions avec notre site Web.<\/p>\n<h2>Quels types de cookies utilisons-nous?<\/h2>\n<p>Les cookies utilis\u00e9s sur notre site Web sont regroup\u00e9s dans les cat\u00e9gories suivantes.<\/p>\n<div class=\"wt-cli-element cli_cookie_category_single\"><div class=\"cli_cookie_category_single\"><h5 class=\"cli_cookie_category_single_hd\">Essentiels<\/h5><div class=\"cli_cookie_category_single_description\"><p>Les cookies sont absolument n\u00e9cessaires pour le bon fonctionnement du site web. Cette cat\u00e9gorie ne comprend que les cookies qui assurent les fonctionnalit\u00e9s de base et les fonctions de s\u00e9curit\u00e9 du site web. Ces cookies ne stockent aucune information personnelle.<\/p><\/div><\/div><div class=\"cli_cookie_category_single\"><h5 class=\"cli_cookie_category_single_hd\">Performance<\/h5><div class=\"cli_cookie_category_single_description\"><p>Les cookies de performance sont utilis\u00e9s pour comprendre et analyser les indices de performance cl\u00e9s du site web, ce qui permet d\u2019offrir une meilleure exp\u00e9rience utilisateur aux visiteurs.<\/p><\/div><\/div><div class=\"cli_cookie_category_single\"><h5 class=\"cli_cookie_category_single_hd\">Analytiques<\/h5><div class=\"cli_cookie_category_single_description\"><p>Les cookies analytiques sont utilis\u00e9s pour comprendre comment les visiteurs interagissent avec le site web. Ces cookies permettent de fournir des informations sur les mesures du nombre de visiteurs, le taux de rebond, la source de trafic, etc.<\/p><\/div><\/div><div class=\"cli_cookie_category_single\"><h5 class=\"cli_cookie_category_single_hd\">Publicitaires<\/h5><div class=\"cli_cookie_category_single_description\"><p>Les cookies publicitaires sont utilis\u00e9s pour fournir aux visiteurs des annonces et des campagnes de marketing pertinentes. Ces cookies suivent les visiteurs sur les sites web et collectent des informations pour fournir des annonces personnalis\u00e9es.<\/p><\/div><\/div><div class=\"cli_cookie_category_single\"><h5 class=\"cli_cookie_category_single_hd\">Fonctionnels<\/h5><div class=\"cli_cookie_category_single_description\"><p>Les cookies fonctionnels aident \u00e0 ex\u00e9cuter certaines fonctionnalit\u00e9s telles que le partage du contenu du site Web sur les plates-formes de m\u00e9dias sociaux, la collecte de commentaires et d\u2019autres fonctionnalit\u00e9s tierces.<\/p><\/div><\/div><div class=\"cli_cookie_category_single\"><h5 class=\"cli_cookie_category_single_hd\">D'autres<\/h5><div class=\"cli_cookie_category_single_description\"><p>D'autres cookies non cat\u00e9goris\u00e9s sont ceux qui sont en cours d'analyse et n'ont pas encore \u00e9t\u00e9 class\u00e9s dans une cat\u00e9gorie.<\/p><\/div><\/div><\/div>\n<h2>Les cookies utilis\u00e9s sur notre site Web<\/h2>\n<table class=\"wt-cli-element cookielawinfo-classic cookielawinfo-row-cat-table\"><thead><tr><th scope=\"col\" class=\"cookielawinfo-column-1\">Cookie<\/th><th scope=\"col\" class=\"cookielawinfo-column-4\">Description<\/th><\/thead><tbody><tr class=\"cookielawinfo-row-cat-title\"><th colspan=\"2\" class=\"cookielawinfo-row-cat-title-head\">Essentiels<\/th><\/tr><tr class=\"cookielawinfo-row\"><td class=\"cookielawinfo-column-1\">datadome<\/td><td class=\"cookielawinfo-column-4\">Il s'agit d'un cookie de s\u00e9curit\u00e9 d\u00e9fini par Force24 pour d\u00e9tecter les BOTS et le trafic malveillant.<\/td><\/tr><tr class=\"cookielawinfo-row\"><td class=\"cookielawinfo-column-1\">wpEmojiSettingsSupports<\/td><td class=\"cookielawinfo-column-4\">WordPress d\u00e9finit ce cookie lorsqu'un utilisateur interagit avec des emojis sur un site WordPress. Cela permet de d\u00e9terminer si le navigateur de l'utilisateur peut afficher correctement les emojis.<\/td><\/tr><tr class=\"cookielawinfo-row\"><td class=\"cookielawinfo-column-1\">_abck<\/td><td class=\"cookielawinfo-column-4\">Ce cookie est utilis\u00e9 pour d\u00e9tecter et se d\u00e9fendre lorsqu'un client tente de rejouer un cookie. Ce cookie g\u00e8re l'interaction avec les robots en ligne et prend les actions appropri\u00e9es.<\/td><\/tr><tr class=\"cookielawinfo-row\"><td class=\"cookielawinfo-column-1\">bm_sz<\/td><td class=\"cookielawinfo-column-4\">Ce cookie est d\u00e9fini par le fournisseur Akamai Bot Manager. Ce cookie est utilis\u00e9 pour g\u00e9rer l'interaction avec les robots en ligne. Cela aide \u00e9galement \u00e0 pr\u00e9venir la fraude.<\/td><\/tr><tr class=\"cookielawinfo-row\"><td class=\"cookielawinfo-column-1\">CookieLawInfoConsent<\/td><td class=\"cookielawinfo-column-4\">CookieYes d\u00e9finit ce cookie pour enregistrer l'\u00e9tat du bouton par d\u00e9faut de la cat\u00e9gorie correspondante et le statut du CCPA. Cela fonctionne uniquement en coordination avec le cookie principal.<\/td><\/tr><tr class=\"cookielawinfo-row\"><td class=\"cookielawinfo-column-1\">wb_box_show<\/td><td class=\"cookielawinfo-column-4\">Il est utilis\u00e9 par le site Web pour afficher la fen\u00eatre contextuelle de mise \u00e0 jour toutes les 12 heures par visiteur.<\/td><\/tr><tr class=\"cookielawinfo-row\"><td class=\"cookielawinfo-column-1\">qtrans_front_language<\/td><td class=\"cookielawinfo-column-4\">Ce cookie est d\u00e9fini par le plugin qTranslate WordPress. Le cookie est utilis\u00e9 pour g\u00e9rer la langue pr\u00e9f\u00e9r\u00e9e du visiteur.<\/td><\/tr><tr class=\"cookielawinfo-row\"><td class=\"cookielawinfo-column-1\">cookielawinfo-checkbox-advertisement<\/td><td class=\"cookielawinfo-column-4\">Ce cookie est d\u00e9fini pour enregistrer le consentement de l'utilisateur pour les cookies de la cat\u00e9gorie \"Publicitaires\".<\/td><\/tr><tr class=\"cookielawinfo-row\"><td class=\"cookielawinfo-column-1\">resolution<\/td><td class=\"cookielawinfo-column-4\">Ce cookie est param\u00e9tr\u00e9 afin de d\u00e9tecter la r\u00e9solution de votre \u00e9cran afin d'optimiser la taille des images diffus\u00e9es sur votre navigateur.<\/td><\/tr><tr class=\"cookielawinfo-row\"><td class=\"cookielawinfo-column-1\">viewed_cookie_policy<\/td><td class=\"cookielawinfo-column-4\">Le cookie est utilis\u00e9 pour stocker si l'utilisateur a ou non consenti \u00e0 l'utilisation de cookies. Il ne stocke aucune donn\u00e9e personnelle.<\/td><\/tr><tr class=\"cookielawinfo-row\"><td class=\"cookielawinfo-column-1\">cookielawinfo-checkbox-necessary<\/td><td class=\"cookielawinfo-column-4\">Le cookie est d\u00e9fini pour enregistrer le consentement de l'utilisateur pour les cookies de la cat\u00e9gorie \"Essentiels\".<\/td><\/tr><tr class=\"cookielawinfo-row\"><td class=\"cookielawinfo-column-1\">cookielawinfo-checbox-functional<\/td><td class=\"cookielawinfo-column-4\">Le cookie est d\u00e9fini pour enregistrer le consentement de l'utilisateur pour les cookies de la cat\u00e9gorie \"Fonctionnels\".<\/td><\/tr><tr class=\"cookielawinfo-row\"><td class=\"cookielawinfo-column-1\">cookielawinfo-checkbox-performance<\/td><td class=\"cookielawinfo-column-4\">Le cookie est d\u00e9fini pour enregistrer le consentement de l'utilisateur pour les cookies de la cat\u00e9gorie \"Performance\".<\/td><\/tr><tr class=\"cookielawinfo-row\"><td class=\"cookielawinfo-column-1\">cookielawinfo-checbox-analytics<\/td><td class=\"cookielawinfo-column-4\">Le cookie est d\u00e9fini pour enregistrer le consentement de l'utilisateur pour les cookies de la cat\u00e9gorie \"Analytiques\".<\/td><\/tr><tr class=\"cookielawinfo-row-cat-title\"><th colspan=\"2\" class=\"cookielawinfo-row-cat-title-head\">Performance<\/th><\/tr><tr class=\"cookielawinfo-row\"><td class=\"cookielawinfo-column-1\">_gat<\/td><td class=\"cookielawinfo-column-4\">Ce cookie est install\u00e9 par Google Universal Analytics pour r\u00e9duire le taux de requ\u00eate afin de limiter la collecte de donn\u00e9es sur les sites \u00e0 fort trafic.<\/td><\/tr><tr class=\"cookielawinfo-row-cat-title\"><th colspan=\"2\" class=\"cookielawinfo-row-cat-title-head\">Analytiques<\/th><\/tr><tr class=\"cookielawinfo-row\"><td class=\"cookielawinfo-column-1\">_ga_*<\/td><td class=\"cookielawinfo-column-4\">Google Analytics d\u00e9finit ce cookie pour stocker et compter les pages vues.<\/td><\/tr><tr class=\"cookielawinfo-row\"><td class=\"cookielawinfo-column-1\">TAUnique<\/td><td class=\"cookielawinfo-column-4\">TripAdvisor d\u00e9finit ce cookie pour suivre les visiteurs sur les sites Web.<\/td><\/tr><tr class=\"cookielawinfo-row\"><td class=\"cookielawinfo-column-1\">TASession<\/td><td class=\"cookielawinfo-column-4\">TripAdvisor d\u00e9finit ce cookie pour suivre les visiteurs sur les sites Web.<\/td><\/tr><tr class=\"cookielawinfo-row\"><td class=\"cookielawinfo-column-1\">_ga<\/td><td class=\"cookielawinfo-column-4\">Ce cookie est install\u00e9 par Google Analytics. Ce cookie est utilis\u00e9 pour calculer les donn\u00e9es relatives aux visiteurs, aux sessions et aux campagnes et pour suivre l'utilisation du site pour le rapport d'analyse du site. Les cookies stockent les informations de mani\u00e8re anonyme et attribuent un num\u00e9ro g\u00e9n\u00e9r\u00e9 de mani\u00e8re al\u00e9atoire pour identifier les visiteurs uniques.<\/td><\/tr><tr class=\"cookielawinfo-row\"><td class=\"cookielawinfo-column-1\">_gid<\/td><td class=\"cookielawinfo-column-4\">Ce cookie est install\u00e9 par Google Analytics. Le cookie est utilis\u00e9 pour stocker des informations sur la fa\u00e7on dont les visiteurs utilisent un site Web et aide \u00e0 cr\u00e9er un rapport d'analyse de la fa\u00e7on dont le site Web fonctionne. Les donn\u00e9es collect\u00e9es, y compris le nombre de visiteurs, la source d'o\u00f9 ils viennent et les pages consult\u00e9es sous forme anonyme.<\/td><\/tr><tr class=\"cookielawinfo-row\"><td class=\"cookielawinfo-column-1\">TADCID<\/td><td class=\"cookielawinfo-column-4\">Le cookie aide \u00e0 visualiser le contenu int\u00e9gr\u00e9 de Tripadvisor.<\/td><\/tr><tr class=\"cookielawinfo-row-cat-title\"><th colspan=\"2\" class=\"cookielawinfo-row-cat-title-head\">Publicitaires<\/th><\/tr><tr class=\"cookielawinfo-row\"><td class=\"cookielawinfo-column-1\">TACds<\/td><td class=\"cookielawinfo-column-4\">Ce cookie est install\u00e9 par le fournisseur TripAdvisor. Ce cookie est utilis\u00e9 pour afficher des informations de voyage et des publicit\u00e9s en fonction des pr\u00e9f\u00e9rences de l'utilisateur.<\/td><\/tr><tr class=\"cookielawinfo-row\"><td class=\"cookielawinfo-column-1\">SRT<\/td><td class=\"cookielawinfo-column-4\">Ce cookie est install\u00e9 par le fournisseur Tripadvisor. Il s'agit d'un cookie de session Tripadvisor utilis\u00e9 \u00e0 des fins publicitaires.<\/td><\/tr><tr class=\"cookielawinfo-row\"><td class=\"cookielawinfo-column-1\">TART<\/td><td class=\"cookielawinfo-column-4\">Ce cookie est install\u00e9 par le fournisseur Tripadvisor. Ce cookie est utilis\u00e9 pour afficher les contenus et les publicit\u00e9s de Tripadvisor, ce qui permet en retour de gagner de l'argent aupr\u00e8s de Tripadvisor si le visiteur a cliqu\u00e9 sur les publicit\u00e9s.<\/td><\/tr><tr class=\"cookielawinfo-row\"><td class=\"cookielawinfo-column-1\">TAUD<\/td><td class=\"cookielawinfo-column-4\">Ce cookie est install\u00e9 par le fournisseur Tripadvisor. Il s'agit d'un cookie de session Tripadvisor utilis\u00e9 \u00e0 des fins publicitaires.<\/td><\/tr><tr class=\"cookielawinfo-row\"><td class=\"cookielawinfo-column-1\">__vt<\/td><td class=\"cookielawinfo-column-4\">Ce cookie est g\u00e9n\u00e9ralement utilis\u00e9 par TripAdvisor \u00e0 des fins publicitaires.<\/td><\/tr><tr class=\"cookielawinfo-row-cat-title\"><th colspan=\"2\" class=\"cookielawinfo-row-cat-title-head\">Fonctionnels<\/th><\/tr><tr class=\"cookielawinfo-row\"><td class=\"cookielawinfo-column-1\">ServerPool<\/td><td class=\"cookielawinfo-column-4\">Ce cookie est install\u00e9 par le fournisseur Tripadvisor. Ce cookie est utilis\u00e9 pour le suivi des utilisateurs et la visualisation des contenus int\u00e9gr\u00e9s de TripAdvisor comme le paiement des commissions de r\u00e9f\u00e9rencement, etc.<\/td><\/tr><tr class=\"cookielawinfo-row\"><td class=\"cookielawinfo-column-1\">TASSK<\/td><td class=\"cookielawinfo-column-4\">Ce cookie est install\u00e9 par le fournisseur Tripadvisor. Ce cookie est utilis\u00e9 pour afficher le contenu int\u00e9gr\u00e9 au visiteur de Tripadvisor. Il est \u00e9galement utile de savoir si le visiteur a cliqu\u00e9 sur la publicit\u00e9 pour percevoir le paiement aupr\u00e8s de Tripadvisor.<\/td><\/tr><tr class=\"cookielawinfo-row\"><td class=\"cookielawinfo-column-1\">TATravelInfo<\/td><td class=\"cookielawinfo-column-4\">Ce cookie est install\u00e9 par le fournisseur Tripadvisor. Ce cookie est utilis\u00e9 pour afficher les contenus et les publicit\u00e9s de Tripadvisor, ce qui permet en retour de gagner de l'argent aupr\u00e8s de Tripadvisor si le visiteur a cliqu\u00e9 sur les publicit\u00e9s.<\/td><\/tr><tr class=\"cookielawinfo-row-cat-title\"><th colspan=\"2\" class=\"cookielawinfo-row-cat-title-head\">D&#039;autres<\/th><\/tr><tr class=\"cookielawinfo-row\"><td class=\"cookielawinfo-column-1\">TASameSite<\/td><td class=\"cookielawinfo-column-4\">La description n'est pas disponible actuellement.<\/td><\/tr><tr class=\"cookielawinfo-row\"><td class=\"cookielawinfo-column-1\">PMC<\/td><td class=\"cookielawinfo-column-4\">La description n'est pas disponible actuellement.<\/td><\/tr><tr class=\"cookielawinfo-row\"><td class=\"cookielawinfo-column-1\">TASID<\/td><td class=\"cookielawinfo-column-4\">La description n'est pas disponible actuellement.<\/td><\/tr><\/tbody><\/table>\n<h2>Comment puis-je contr\u00f4ler les pr\u00e9f\u00e9rences des cookies?<\/h2>\n<p>Vous pouvez g\u00e9rer vos pr\u00e9f\u00e9rences en mati\u00e8re de cookies en cliquant sur le bouton \u00ab&nbsp;Param\u00e8tres&nbsp;\u00bb et en activant ou d\u00e9sactivant les cat\u00e9gories de cookies dans la fen\u00eatre contextuelle en fonction de vos pr\u00e9f\u00e9rences.<\/p>\n<p>Si vous d\u00e9cidez de modifier vos pr\u00e9f\u00e9rences ult\u00e9rieurement lors de votre session de navigation, vous pouvez cliquer sur l\u2019onglet \u00abPolitique de cookies\u00bb sur votre \u00e9cran. Cela affichera \u00e0 nouveau l\u2019avis de consentement vous permettant de modifier vos pr\u00e9f\u00e9rences ou de retirer votre consentement enti\u00e8rement.<\/p>\n<p>En plus de cela, diff\u00e9rents navigateurs proposent diff\u00e9rentes m\u00e9thodes pour bloquer et supprimer les cookies utilis\u00e9s par les sites Web. Vous pouvez modifier les param\u00e8tres de votre navigateur pour bloquer \/ supprimer les cookies. Pour en savoir plus sur la gestion et la suppression des cookies, visitez wikipedia.org, www.allaboutcookies.org.<\/p>","protected":false},"excerpt":{"rendered":"<p>\u00c0 propos de cette politique de cookies Cette politique de cookies explique ce que sont les cookies et comment nous les utilisons. Vous devez lire cette politique pour comprendre ce que sont les cookies, comment nous les utilisons, les types de cookies que nous utilisons, c\u2019est-\u00e0-dire les informations que nous recueillons \u00e0 l\u2019aide de cookies [&hellip;]<\/p>\n","protected":false},"author":1,"featured_media":0,"parent":0,"menu_order":0,"comment_status":"closed","ping_status":"closed","template":"page-full.php","meta":{"ngg_post_thumbnail":0,"footnotes":""},"_links":{"self":[{"href":"https:\/\/www.nauticabayhotel.gr\/fr\/wp-json\/wp\/v2\/pages\/476"}],"collection":[{"href":"https:\/\/www.nauticabayhotel.gr\/fr\/wp-json\/wp\/v2\/pages"}],"about":[{"href":"https:\/\/www.nauticabayhotel.gr\/fr\/wp-json\/wp\/v2\/types\/page"}],"author":[{"embeddable":true,"href":"https:\/\/www.nauticabayhotel.gr\/fr\/wp-json\/wp\/v2\/users\/1"}],"replies":[{"embeddable":true,"href":"https:\/\/www.nauticabayhotel.gr\/fr\/wp-json\/wp\/v2\/comments?post=476"}],"version-history":[{"count":0,"href":"https:\/\/www.nauticabayhotel.gr\/fr\/wp-json\/wp\/v2\/pages\/476\/revisions"}],"wp:attachment":[{"href":"https:\/\/www.nauticabayhotel.gr\/fr\/wp-json\/wp\/v2\/media?parent=476"}],"curies":[{"name":"wp","href":"https:\/\/api.w.org\/{rel}","templated":true}]}}