{"id":7,"date":"2016-03-04T14:54:17","date_gmt":"2016-03-04T12:54:17","guid":{"rendered":"http:\/\/www.nauticabayhotel.gr\/?page_id=7"},"modified":"2025-05-05T15:21:17","modified_gmt":"2025-05-05T12:21:17","slug":"location","status":"publish","type":"page","link":"https:\/\/www.nauticabayhotel.gr\/fr\/location\/","title":{"rendered":"La r\u00e9gion"},"content":{"rendered":"<p><\/p>\n<h2><strong>Porto Heli<\/strong><\/h2>\n<p>A Porto Heli le visiteur a plusieurs choix d\u2019activit\u00e9s pour son temps libre. La r\u00e9gion est un bon point de d\u00e9part pour beaucoup d\u2019excursions journali\u00e8res. C&rsquo;est id\u00e9ale pour les vacances d&rsquo;\u00e9t\u00e9 mais en plus c&rsquo;est une destination parfaite pour des petites excursions. Traditionnellement nos clients font un s\u00e9jour \u00e0 Porto Heli pour profiter de la mer et se baigner.<\/p>\n<p><img loading=\"lazy\" decoding=\"async\" class=\"alignnone size-full wp-image-216\" src=\"https:\/\/www.nauticabayhotel.gr\/wp-content\/uploads\/porto-heli.jpg\" alt=\"porto-heli\" width=\"680\" height=\"312\"><\/p>\n<p>Les visiteurs ont beaucoup de choix: les plages Asterias, Petrothalassa et Kounoupi sont \u00e0 l&rsquo;est. Limanakia, Agios Emilianos (avec une petite \u00e9glise) et Kosta au nord-est et Hinitsa, Ververoda, Maistraki et Kiparissakia \u00e0 l&rsquo;ouest. Toutes les plages sont propres avec des eaux temper\u00e9es, pures et cristallines. Sur certaines plages, on trouve des tavernes traditionnelles.<\/p>\n<h2>Spetses<\/h2>\n<p>On vous propose de visiter Spetses, une \u00eele tout proche de Porto Heli. Vous avez la possibilit\u00e9 de visiter le Mus\u00e9e de Spetses, log\u00e9 dans la villa de Hadjiyianni Mexi, un des nobles des plus puissants pendant la R\u00e9volution. La villa \u00e0 deux \u00e9tages a \u00e9t\u00e9 construite de 1795 \u00e0 1798.<\/p>\n<p><img loading=\"lazy\" decoding=\"async\" class=\"alignnone size-full wp-image-214\" src=\"https:\/\/www.nauticabayhotel.gr\/wp-content\/uploads\/spetses.jpg\" alt=\"spetses\" width=\"680\" height=\"312\"><\/p>\n<p>La maison de Bouboulina est ouverte tous les jours. Pour d\u00e9jeuner vous pouvez aller aux tavernes \u00e0 Palio Limani, qui servent du poisson frais juste au bord de la mer. La plage Agioi Anargiri est accessible en hydro-taxi ou en bus, et il y a une petite taverne qui est ouverte pour le d\u00e9jeuner, mais aussi pour le d\u00eener.<\/p>\n<p>La f\u00eate de l\u2019Armata est l\u2019\u00e9v\u00e9nement culturel le plus important de l\u2019ann\u00e9e. Le deuxi\u00e8me week-end de septembre on c\u00e9l\u00e8bre la f\u00eate de la Vierge de l\u2019Armata (au phare) avec l\u2019anniversaire de la bataille navale du 8 septembre 1822. Les c\u00e9r\u00e9monies culminent avec la reconstitution de la destruction de la cuirass\u00e9 turque au port central de Spetses<\/p>\n<p>Pour visiter Spetses nous vous proposons des d\u00e9parts du ponton de notre h\u00f4tel,.<\/p>\n<h2><strong>Hydra<\/strong><\/h2>\n<p>Hydra est une tr\u00e8s belle \u00eele qui a une architecture traditionnelle et une atmosph\u00e8re unique.<\/p>\n<p>Nous vous proposons \u00e9galement des excursions au d\u00e9part de notre plage pour visiter Hydra.<\/p>\n<p><img loading=\"lazy\" decoding=\"async\" class=\"alignnone size-full wp-image-215\" src=\"https:\/\/www.nauticabayhotel.gr\/wp-content\/uploads\/hydra.jpg\" alt=\"hydra\" width=\"680\" height=\"312\"><\/p>\n<p>L\u2019excursion journali\u00e8re \u00e0 Hydra est la plus populaire. Les visiteurs de Hydra vont appr\u00e9cier l\u2019absence de v\u00e9hicules en se promenant sur les sentiers de l\u2019\u00eele et en buvant un caf\u00e9 au port. Il y a beaucoup d\u2019options pour le d\u00e9jeuner. Les tavernes sur les sentiers sont exceptionnelles et pendant la haute saison, les touristes et les c\u00e9l\u00e9brit\u00e9s donnent un air cosmopolite \u00e0 l\u2019\u00eele.Vous pourrez admirer les grandes villas, la vue du port de la colline, appr\u00e9cier le coucher du soleil de Periptero et Spilia, mais aussi visiter les 6 monast\u00e8res et 300 \u00e9glises de l\u2019\u00eele.<\/p>\n<h2>Ermioni<\/h2>\n<p>Ermioni est un joli village juste \u00e0 16 kilom\u00e8tres de Porto Heli. Le vieux port est connu pour ses bars et restaurants. Pour une belle promenade, la petite for\u00eat Bisti pr\u00e8s du cap offre des vues merveilleuses de Hydra.<\/p>\n<h2>Kilada<\/h2>\n<p>Kilada se trouve 3 kilom\u00e8tres avant Kranidi et si on prend la population du village en consid\u00e9ration, c\u2019est le village ou l\u2019on trouve le plus de p\u00eacheurs dans toute la r\u00e9gion. Il y a un beau port plein de bateaux de p\u00eache, ca\u00efques et chalutiers. Koronis, une \u00eele priv\u00e9 avec une riche v\u00e9g\u00e9tation, se trouve tout pr\u00e8s. La plus belle plage, Lepitsa, est derri\u00e8re le village o\u00f9 il y a aussi un joli restaurant.<br \/>\nKoilada a une grande tradition de construction de bateaux de p\u00eache en bois, mais aussi des bateaux touristiques, et de nombreuses personnes viennent de toute la Gr\u00e8ce pour en acheter.<\/p>\n<h2>Didima (les jumeaux)<\/h2>\n<p>Le nom du village vient des deux pics du Mont Didomos qui domine la vall\u00e9e dans laquelle se trouve le village. Les deux grottes \u00abDolines\u00bb, au pied de la montagne pr\u00e8s du village, donnent un air de myst\u00e8re au paysage.<\/p>\n<p>Les deux petites \u00e9glises, Agios Georgis et Agios Sotiras, sont dans la grande grotte entour\u00e9e de pins, qui n\u2019est pas visible de la rue. Il faut faire attention en entrant la grande grotte. La f\u00eate de Agios Sotiras se d\u00e9roule le 6 ao\u00fbt chaque ann\u00e9e.<\/p>","protected":false},"excerpt":{"rendered":"<p>A Porto Heli le visiteur a plusieurs choix d\u2019activit\u00e9s pour son temps libre.<\/p>\n","protected":false},"author":1,"featured_media":248,"parent":0,"menu_order":0,"comment_status":"closed","ping_status":"closed","template":"page-full.php","meta":{"ngg_post_thumbnail":0,"footnotes":""},"_links":{"self":[{"href":"https:\/\/www.nauticabayhotel.gr\/fr\/wp-json\/wp\/v2\/pages\/7"}],"collection":[{"href":"https:\/\/www.nauticabayhotel.gr\/fr\/wp-json\/wp\/v2\/pages"}],"about":[{"href":"https:\/\/www.nauticabayhotel.gr\/fr\/wp-json\/wp\/v2\/types\/page"}],"author":[{"embeddable":true,"href":"https:\/\/www.nauticabayhotel.gr\/fr\/wp-json\/wp\/v2\/users\/1"}],"replies":[{"embeddable":true,"href":"https:\/\/www.nauticabayhotel.gr\/fr\/wp-json\/wp\/v2\/comments?post=7"}],"version-history":[{"count":0,"href":"https:\/\/www.nauticabayhotel.gr\/fr\/wp-json\/wp\/v2\/pages\/7\/revisions"}],"wp:featuredmedia":[{"embeddable":true,"href":"https:\/\/www.nauticabayhotel.gr\/fr\/wp-json\/wp\/v2\/media\/248"}],"wp:attachment":[{"href":"https:\/\/www.nauticabayhotel.gr\/fr\/wp-json\/wp\/v2\/media?parent=7"}],"curies":[{"name":"wp","href":"https:\/\/api.w.org\/{rel}","templated":true}]}}