{"id":9,"date":"2016-03-04T14:56:09","date_gmt":"2016-03-04T12:56:09","guid":{"rendered":"http:\/\/www.nauticabayhotel.gr\/?page_id=9"},"modified":"2016-10-18T15:41:59","modified_gmt":"2016-10-18T12:41:59","slug":"sightseeing","status":"publish","type":"page","link":"https:\/\/www.nauticabayhotel.gr\/fr\/sightseeing\/","title":{"rendered":"Sites \u00e0 visiter"},"content":{"rendered":"<p><\/p>\n<h2><strong>Porto Heli<\/strong><\/h2>\n<p>Porto Heli prend son nom du vieux lac qui se trouve derri\u00e8re le village, qui \u00e9tait utilis\u00e9 pour \u00e9lever des anguilles.<\/p>\n<p>La vieille ville de Porto Heli s\u2019appellait Aliis et se trouve en face du village. Le sommet s\u2019appelle l\u2019Acropole de Aliis. Les murs de la ville avaient 5 entr\u00e9es et protegeaient une zone de 45 hectares. Il y avait environ 500 petites maisons et 2500 habitants et la plupart d\u2019entre eux \u00e9taient agriculteurs.<\/p>\n<p>Les fouilles de 1970 \u2013 1972 nous montrent que l\u2019ancienne ville avait 4 niveaux<\/p>\n<ul>\n<li>Le niveau sous-marin \u2013 la mer est mont\u00e9e de presque deux m\u00e8tres mais les ruines sont visibles quand l\u2019eau est calme. Un port, des maisons et des rues ont \u00e9t\u00e9 identifi\u00e9s. Le temple d\u2019Apollon, un stade et des bains ont \u00e9t\u00e9 construits au temps des Romains.<\/li>\n<li>Dans la ville pr\u00e8s de la mer, ils ont trouv\u00e9 des pi\u00e8ces avec le buste d\u2019Apollon dessus. Les rues \u00e9taient en pierre et les maisons avaient des cours avec des puits. En plus, il y avait une presse d\u2019olives.<\/li>\n<li>Manifactures \u2013 au milieu de la colline il y avait des fabricants de couleurs.<\/li>\n<li>L\u2019Acropole \u2013 Au sommet de la colline. Une position strategique avec vue du golfe de Porto Heli et du golfe d\u2019Argolida. Il y avait une tour-observatoire, des petites maisons et un autel sacrificiel.<br \/>\nIl y a 5000 ans une autre tribu a d\u00e9truit l\u2019Acropole. Vers 2500 av. J-C la ville exportait des produits agricoles \u00e0 Ath\u00e8nes. Les murs ont \u00e9t\u00e9 construits vers 700 av. J-C et ont \u00e9t\u00e9 d\u00e9truits une centaine d\u2019ann\u00e9es apr\u00e8s. La cit\u00e9 a \u00e9t\u00e9 abandonn\u00e9e vers 300 av. J-C. Les fouilles arch\u00e9ologiques ont commenc\u00e9 en 1960 et continu\u00e9 en 1970.<\/li>\n<\/ul>\n<h2>L\u2019ancien Th\u00e9\u00e2tre d\u2019Epidaure<\/h2>\n<p>L\u2019ancien Th\u00e9\u00e2tre d\u2019Epidaure est \u00e0 45 minutes de Porto Heli et en \u00e9t\u00e9, beaucoup de visiteurs combinent leurs vacances avec un spectacle au festival.<\/p>\n<p>Le mus\u00e9e Asklipios d\u2019Epidaure est ouvert tous les jours et une visite du th\u00e9\u00e2tre est de rigueur!<\/p>\n<p><img loading=\"lazy\" decoding=\"async\" class=\"alignnone size-full wp-image-242\" src=\"https:\/\/www.nauticabayhotel.gr\/wp-content\/uploads\/epidavros.jpg\" alt=\"epidavros\" width=\"680\" height=\"312\" \/><\/p>\n<h2>Myc\u00e8nes<\/h2>\n<p>Myc\u00e8nes est le royaume du h\u00e9ros hom\u00e9rique Agamemnon, la cit\u00e9 la plus importante et riche des cit\u00e9s pr\u00e9hell\u00e9niques.<\/p>\n<p>Une heure et demie de Porto Heli, une visite aux Myc\u00e8nes, mais aussi \u00e0 Nauplie (la premi\u00e8re capitale de la Gr\u00e8ce moderne), est une excursion tr\u00e8s int\u00e9ressante. N\u2019oubliez pas de visiter le Palamide pour admirer la vue de Nauplie.<\/p>\n<p>\u00c0 Nauplie, vous pouvez dejeuner dans la vieille ville ou sur la promenade \u00e0 c\u00f4t\u00e9 de la mer.<\/p>\n<p><img loading=\"lazy\" decoding=\"async\" class=\"alignnone size-full wp-image-244\" src=\"https:\/\/www.nauticabayhotel.gr\/wp-content\/uploads\/nafplio.jpg\" alt=\"nafplio\" width=\"680\" height=\"312\" \/><\/p>\n<h2>Poros<\/h2>\n<p>Poros se trouve \u00e0 65 kilom\u00e8tres de Porto Heli. La c\u00f4te est tr\u00e8s belle et tout pr\u00e8s il y a un for\u00eat de citronniers. Le voyage dure une heure parce qu\u2019il y a beaucoup de virages sur la route. Vous devez prendre le bateau \u00e0 Galatas pour traverser la mer, le trajet dure 5 minutes.<\/p>\n<h2>Monemvasia<\/h2>\n<p>Visiter Monemvasia est une excursion tr\u00e8s int\u00e9ressante. Vous pouvez y aller pendant la haute saison avec des bateaux touristiques. La r\u00e9ception peut vous informer des horaires.<\/p>\n<p><img loading=\"lazy\" decoding=\"async\" class=\"alignnone size-full wp-image-243\" src=\"https:\/\/www.nauticabayhotel.gr\/wp-content\/uploads\/monemvasia.jpg\" alt=\"monemvasia\" width=\"680\" height=\"312\" \/><\/p>","protected":false},"excerpt":{"rendered":"<p>Porto Heli Porto Heli prend son nom du vieux lac qui se trouve derri\u00e8re le village, qui \u00e9tait utilis\u00e9 pour \u00e9lever des anguilles. La vieille ville de Porto Heli s\u2019appellait Aliis et se trouve en face du village. Le sommet s\u2019appelle l\u2019Acropole de Aliis. Les murs de la ville avaient 5 entr\u00e9es et protegeaient une [&hellip;]<\/p>\n","protected":false},"author":1,"featured_media":0,"parent":0,"menu_order":0,"comment_status":"closed","ping_status":"closed","template":"page-full.php","meta":{"ngg_post_thumbnail":0,"footnotes":""},"_links":{"self":[{"href":"https:\/\/www.nauticabayhotel.gr\/fr\/wp-json\/wp\/v2\/pages\/9"}],"collection":[{"href":"https:\/\/www.nauticabayhotel.gr\/fr\/wp-json\/wp\/v2\/pages"}],"about":[{"href":"https:\/\/www.nauticabayhotel.gr\/fr\/wp-json\/wp\/v2\/types\/page"}],"author":[{"embeddable":true,"href":"https:\/\/www.nauticabayhotel.gr\/fr\/wp-json\/wp\/v2\/users\/1"}],"replies":[{"embeddable":true,"href":"https:\/\/www.nauticabayhotel.gr\/fr\/wp-json\/wp\/v2\/comments?post=9"}],"version-history":[{"count":0,"href":"https:\/\/www.nauticabayhotel.gr\/fr\/wp-json\/wp\/v2\/pages\/9\/revisions"}],"wp:attachment":[{"href":"https:\/\/www.nauticabayhotel.gr\/fr\/wp-json\/wp\/v2\/media?parent=9"}],"curies":[{"name":"wp","href":"https:\/\/api.w.org\/{rel}","templated":true}]}}